{"id":17,"date":"2020-10-27T17:04:12","date_gmt":"2020-10-27T16:04:12","guid":{"rendered":"http:\/\/wektorszkolenia.pl\/?page_id=17"},"modified":"2020-10-27T18:46:22","modified_gmt":"2020-10-27T17:46:22","slug":"strona-glowna","status":"publish","type":"page","link":"https:\/\/wektorszkolenia.pl\/","title":{"rendered":"Strona g\u0142\u00f3wna"},"content":{"rendered":"<p>Witamy na oficjalnej stronie firmy WEKTOR!<br \/>Misj\u0105 naszej firmy jest dzia\u0142anie na rzecz ci\u0105g\u0142ego rozwoju kompetencji i kszta\u0142cenia kierowc\u00f3w zawodowych oraz amator\u00f3w. Zapraszamy do zapoznania si\u0119 z nasz\u0105 ofert\u0105. Gwarantujemy satysfakcj\u0119 ze wsp\u00f3\u0142pracy i serdecznie zapraszamy do korzystania z naszych us\u0142ug.<\/p>\n\n\n<p><\/p>\n","protected":false},"excerpt":{"rendered":"<p>Witamy na oficjalnej stronie firmy WEKTOR!Misj\u0105 naszej firmy jest dzia\u0142anie na rzecz ci\u0105g\u0142ego rozwoju kompetencji i kszta\u0142cenia kierowc\u00f3w zawodowych oraz amator\u00f3w. Zapraszamy do zapoznania si\u0119 z nasz\u0105 ofert\u0105. Gwarantujemy satysfakcj\u0119 ze wsp\u00f3\u0142pracy i serdecznie zapraszamy do korzystania z naszych us\u0142ug.<\/p>\n","protected":false},"author":1,"featured_media":0,"parent":0,"menu_order":0,"comment_status":"closed","ping_status":"closed","template":"","meta":[],"_links":{"self":[{"href":"https:\/\/wektorszkolenia.pl\/index.php?rest_route=\/wp\/v2\/pages\/17"}],"collection":[{"href":"https:\/\/wektorszkolenia.pl\/index.php?rest_route=\/wp\/v2\/pages"}],"about":[{"href":"https:\/\/wektorszkolenia.pl\/index.php?rest_route=\/wp\/v2\/types\/page"}],"author":[{"embeddable":true,"href":"https:\/\/wektorszkolenia.pl\/index.php?rest_route=\/wp\/v2\/users\/1"}],"replies":[{"embeddable":true,"href":"https:\/\/wektorszkolenia.pl\/index.php?rest_route=%2Fwp%2Fv2%2Fcomments&post=17"}],"version-history":[{"count":3,"href":"https:\/\/wektorszkolenia.pl\/index.php?rest_route=\/wp\/v2\/pages\/17\/revisions"}],"predecessor-version":[{"id":61,"href":"https:\/\/wektorszkolenia.pl\/index.php?rest_route=\/wp\/v2\/pages\/17\/revisions\/61"}],"wp:attachment":[{"href":"https:\/\/wektorszkolenia.pl\/index.php?rest_route=%2Fwp%2Fv2%2Fmedia&parent=17"}],"curies":[{"name":"wp","href":"https:\/\/api.w.org\/{rel}","templated":true}]}}