{"id":21,"date":"2020-10-27T17:04:12","date_gmt":"2020-10-27T16:04:12","guid":{"rendered":"http:\/\/wektorszkolenia.pl\/?page_id=21"},"modified":"2020-10-27T18:40:09","modified_gmt":"2020-10-27T17:40:09","slug":"oferta","status":"publish","type":"page","link":"https:\/\/wektorszkolenia.pl\/?page_id=21","title":{"rendered":"Oferta"},"content":{"rendered":"<p><img loading=\"lazy\" class=\"size-full wp-image-51 alignleft\" src=\"http:\/\/wektorszkolenia.pl\/wp-content\/uploads\/2020\/10\/oferta1.jpg\" alt=\"\" width=\"200\" height=\"133\" \/><strong>Kwalifikacja wst\u0119pna i szkolenia okresowe kierowc\u00f3w.<\/strong><\/p>\n<p>Celem szkolenia jest zapewnienie, aby kierowca dzi\u0119ki swoim kwalifikacjom, m\u00f3g\u0142 bez przeszk\u00f3d wykonywa\u0107 dzia\u0142alno\u015b\u0107 zwi\u0105zan\u0105 z prowadzeniem pojazdu i spe\u0142nia\u0107 nowe wymagania wynikaj\u0105ce z rozwoju rynku transportu drogowego, w szczeg\u00f3lno\u015bci w sferze poprawy bezpiecze\u0144stwa drogowego i bezpiecze\u0144stwa kierowcy, tak\u017ce podczas czynno\u015bci wykonywanych przez kierowc\u0119, w trakcie postoju pojazdu.<\/p>\n<p>\u00a0<\/p>\n<p><img loading=\"lazy\" width=\"199\" height=\"300\" class=\"wp-image-52 alignleft\" src=\"http:\/\/wektorszkolenia.pl\/wp-content\/uploads\/2020\/10\/oferta2.jpg\" alt=\"\" \/><strong>Doskonalenie techniki jazdy i eco driving.<\/strong><\/p>\n<p>Szkolenie obejmuje teoretyczne oraz praktyczne zaj\u0119cia kt\u00f3rych celem jest opanowanie umiej\u0119tno\u015bci redukcji ryzyka na drodze poprzez \u015bwiadome unikanie niebezpiecznych sytuacji powodowanych przez z\u0142e warunki drogowe oraz b\u0142\u0119dy innych u\u017cytkownik\u00f3w dr\u00f3g.<\/p>\n<p>Eco Driving jako zesp\u00f3\u0142 efektywnych energetycznie zachowa\u0144 kierowc\u00f3w, to przede wszystkim bezpieczna jazda, przyjazna \u015brodowisku. To taki spos\u00f3b kierowania pojazdem, kt\u00f3ry gwarantuje nie tylko oszcz\u0119dno\u015bci paliwa rz\u0119du 5-18% i zmniejszenie emisji spalin, a tak\u017ce oszcz\u0119dno\u015bci w wydatkach na wolniej zu\u017cywaj\u0105cych si\u0119 podzespo\u0142ach pojazdu (zw\u0142aszcza element\u00f3w uk\u0142adu hamulcowego i opon). Bardzo wa\u017cne jest tak\u017ce zmniejszenie ryzyka wypadku, dzi\u0119ki mniej agresywnej i bardziej przewiduj\u0105cej je\u017adzie.<\/p>\n<p>\u00a0<\/p>\n<p><img loading=\"lazy\" class=\"size-medium wp-image-54 alignleft\" src=\"http:\/\/wektorszkolenia.pl\/wp-content\/uploads\/2020\/10\/oferta3.jpg\" alt=\"\" width=\"200\" height=\"150\" \/><strong>Czas pracy kierowc\u00f3w i obs\u0142uga tachografu.<\/strong><\/p>\n<p>Celem szkolenia jest zapoznanie uczestnik\u00f3w z wiedz\u0105 i praktyk\u0105 z zakresu planowania i rozliczania czasu pracy. Przedstawienie zasad prawid\u0142owej obs\u0142ugi tachograf\u00f3w cyfrowych i analogowych, post\u0119powania z dokumentacj\u0105 dotycz\u0105c\u0105 czasu pracy kierowc\u00f3w, zastosowania przepis\u00f3w reguluj\u0105cych czas pracy kierowc\u00f3w. Studium przypadk\u00f3w wyst\u0119puj\u0105cych w praktyce zawodowej.<\/p>\n<p>\u00a0<\/p>\n<p><img loading=\"lazy\" class=\"size-full wp-image-55 alignleft\" src=\"http:\/\/wektorszkolenia.pl\/wp-content\/uploads\/2020\/10\/oferta4.jpg\" alt=\"\" width=\"200\" height=\"150\" \/><strong>Zasady i techniki mocowania \u0142adunk\u00f3w.<\/strong><\/p>\n<p>Celem szkolenia jest zwi\u0119kszenie \u015bwiadomo\u015bci uczestnik\u00f3w ruchu drogowego w zakresie wagi w\u0142a\u015bciwego zamocowania \u0142adunk\u00f3w. Nabycie umiej\u0119tno\u015bci bezpiecznego rozmieszczania \u0142adunk\u00f3w na pojazdach oraz poznanie nowych rozwi\u0105za\u0144 w tym zakresie.<\/p>\n<p>\u00a0<\/p>\n<p><img loading=\"lazy\" class=\"alignleft wp-image-56 size-full\" src=\"http:\/\/wektorszkolenia.pl\/wp-content\/uploads\/2020\/10\/oferta5-e1603819882131.jpg\" alt=\"\" width=\"202\" height=\"166\" \/><strong>Prawo jazdy, w\u00f3zki wid\u0142owe, \u017curawie HDS, BHP.<\/strong><\/p>\n<p>Organizujemy szkolenia na wszystkie kategorie prawa jazdy, nauk\u0119 jazdy dla dzieci na motorowerach jak i szkolenia na w\u00f3zkach wid\u0142owych, HDS-ach oraz szkolenia z zakresu BHP.<\/p>\n\n\n<p><\/p>\n","protected":false},"excerpt":{"rendered":"<p>Kwalifikacja wst\u0119pna i szkolenia okresowe kierowc\u00f3w. Celem szkolenia jest zapewnienie, aby kierowca dzi\u0119ki swoim kwalifikacjom, m\u00f3g\u0142 bez przeszk\u00f3d wykonywa\u0107 dzia\u0142alno\u015b\u0107 zwi\u0105zan\u0105 z prowadzeniem pojazdu i spe\u0142nia\u0107 nowe wymagania wynikaj\u0105ce z rozwoju rynku transportu drogowego, w szczeg\u00f3lno\u015bci w sferze poprawy bezpiecze\u0144stwa drogowego i bezpiecze\u0144stwa kierowcy, tak\u017ce podczas czynno\u015bci wykonywanych przez kierowc\u0119, w trakcie postoju pojazdu. \u00a0 &hellip; <\/p>\n<p class=\"link-more\"><a href=\"https:\/\/wektorszkolenia.pl\/?page_id=21\" class=\"more-link\">Czytaj dalej<span class=\"screen-reader-text\"> Oferta<\/span><\/a><\/p>\n","protected":false},"author":1,"featured_media":14,"parent":0,"menu_order":0,"comment_status":"closed","ping_status":"closed","template":"","meta":[],"_links":{"self":[{"href":"https:\/\/wektorszkolenia.pl\/index.php?rest_route=\/wp\/v2\/pages\/21"}],"collection":[{"href":"https:\/\/wektorszkolenia.pl\/index.php?rest_route=\/wp\/v2\/pages"}],"about":[{"href":"https:\/\/wektorszkolenia.pl\/index.php?rest_route=\/wp\/v2\/types\/page"}],"author":[{"embeddable":true,"href":"https:\/\/wektorszkolenia.pl\/index.php?rest_route=\/wp\/v2\/users\/1"}],"replies":[{"embeddable":true,"href":"https:\/\/wektorszkolenia.pl\/index.php?rest_route=%2Fwp%2Fv2%2Fcomments&post=21"}],"version-history":[{"count":3,"href":"https:\/\/wektorszkolenia.pl\/index.php?rest_route=\/wp\/v2\/pages\/21\/revisions"}],"predecessor-version":[{"id":57,"href":"https:\/\/wektorszkolenia.pl\/index.php?rest_route=\/wp\/v2\/pages\/21\/revisions\/57"}],"wp:featuredmedia":[{"embeddable":true,"href":"https:\/\/wektorszkolenia.pl\/index.php?rest_route=\/wp\/v2\/media\/14"}],"wp:attachment":[{"href":"https:\/\/wektorszkolenia.pl\/index.php?rest_route=%2Fwp%2Fv2%2Fmedia&parent=21"}],"curies":[{"name":"wp","href":"https:\/\/api.w.org\/{rel}","templated":true}]}}